{"id":4498,"date":"2025-03-26T05:46:56","date_gmt":"2025-03-26T09:46:56","guid":{"rendered":"https:\/\/handzonusa.com\/?post_type=product&#038;p=4498"},"modified":"2025-04-02T05:02:47","modified_gmt":"2025-04-02T09:02:47","slug":"elite-club-membership","status":"publish","type":"product","link":"https:\/\/handzonusa.com\/de\/product\/elite-club-membership\/","title":{"rendered":"Elite Club-Mitgliedschaft"},"content":{"rendered":"<div class=\"elementor-element elementor-element-w6du0rdy elementor-widget__width-initial elementor-widget-mobile__width-inherit elementor-widget-tablet__width-initial elementor-widget elementor-widget-text-editor animated fadeInUp\" data-id=\"w6du0rdy\" data-element_type=\"widget\" data-settings=\"{&quot;_animation&quot;:&quot;fadeInUp&quot;}\" data-widget_type=\"text-editor.default\">\n<div class=\"elementor-widget-container\">\n<p>Handz On Auto Care Elite Club Membership is\u00a0For the ultimate experience with exclusive perks.<\/p>\n<\/div>\n<\/div>\n<div class=\"elementor-element elementor-element-7u3jgiqb elementor-widget__width-initial elementor-widget-mobile__width-inherit elementor-widget-tablet__width-initial elementor-align-left elementor-icon-list--layout-traditional elementor-list-item-link-full_width elementor-widget elementor-widget-icon-list\" data-id=\"7u3jgiqb\" data-element_type=\"widget\" data-widget_type=\"icon-list.default\">\n<div class=\"elementor-widget-container\">\n<ul class=\"elementor-icon-list-items\">\n<li class=\"elementor-icon-list-item\"><i class=\"fas fa-check\" aria-hidden=\"true\"><\/i><span class=\"elementor-icon-list-text\">Exklusive Angebote nur f\u00fcr Elite Club Mitglieder<\/span><\/li>\n<li class=\"elementor-icon-list-item\"><i class=\"fas fa-check\" aria-hidden=\"true\"><\/i><span class=\"elementor-icon-list-text\">Verdienen Sie 3 Punkte f\u00fcr jeden ausgegebenen Dollar<\/span><\/li>\n<li class=\"elementor-icon-list-item\"><i class=\"fas fa-check\" aria-hidden=\"true\"><\/i><span class=\"elementor-icon-list-text\">VIP-Planung<\/span><\/li>\n<li class=\"elementor-icon-list-item\"><i class=\"fas fa-check\" aria-hidden=\"true\"><\/i><span class=\"elementor-icon-list-text\">2 Kostenloses Abschleppen innerhalb von 20 Meilen (j\u00e4hrlich)<\/span><\/li>\n<li class=\"elementor-icon-list-item\"><i class=\"fas fa-check\" aria-hidden=\"true\"><\/i><span class=\"elementor-icon-list-text\">1 kostenloser \u00d6lwechsel alle 6 Monate<\/span><\/li>\n<li class=\"elementor-icon-list-item\"><i class=\"fas fa-check\" aria-hidden=\"true\"><\/i><span class=\"elementor-icon-list-text\">Service zu Hause verf\u00fcgbar (eingeschr\u00e4nkte Dienste)<\/span><\/li>\n<li class=\"elementor-icon-list-item\"><i class=\"fas fa-check\" aria-hidden=\"true\"><\/i><span class=\"elementor-icon-list-text\">Kostenloses Premium Leihfahrzeug<\/span><\/li>\n<li class=\"elementor-icon-list-item\"><i class=\"fas fa-check\" aria-hidden=\"true\"><\/i><span class=\"elementor-icon-list-text\">1 kostenlose vollst\u00e4ndige Reinigung und Wachs (j\u00e4hrlich)<\/span><\/li>\n<li class=\"elementor-icon-list-item\"><i class=\"fas fa-check\" aria-hidden=\"true\"><\/i><span class=\"elementor-icon-list-text\">Reparatur-Finanzierung (Exklusiver Zugang)<\/span><\/li>\n<li class=\"elementor-icon-list-item\"><i class=\"fas fa-check\" aria-hidden=\"true\"><\/i><span class=\"elementor-icon-list-text\">Vorrangige Mobil-Reparaturen<\/span><\/li>\n<li class=\"elementor-icon-list-item\"><i class=\"fas fa-check\" aria-hidden=\"true\"><\/i><span class=\"elementor-icon-list-text\">Vorrangige Pannenhilfe<\/span><\/li>\n<li class=\"elementor-icon-list-item\"><i class=\"fas fa-check\" aria-hidden=\"true\"><\/i><span class=\"elementor-icon-list-text\">Vorrangige Abschlepphilfe<\/span><\/li>\n<li class=\"elementor-icon-list-item\"><i class=\"fas fa-check\" aria-hidden=\"true\"><\/i><span class=\"elementor-icon-list-text\">Installation der Batterie zu Hause<\/span><\/li>\n<li class=\"elementor-icon-list-item\"><i class=\"fas fa-check\" aria-hidden=\"true\"><\/i><span class=\"elementor-icon-list-text\">Sonderrabatte auf Dienstleistungen<\/span><\/li>\n<li class=\"elementor-icon-list-item\"><i class=\"fas fa-check\" aria-hidden=\"true\"><\/i><span class=\"elementor-icon-list-text\">Bevorzugter Zugang zu Promotionen<\/span><\/li>\n<li class=\"elementor-icon-list-item\"><i class=\"fas fa-check\" aria-hidden=\"true\"><\/i><span class=\"elementor-icon-list-text\">Erm\u00e4\u00dfigte \u00d6lwechsel<\/span><\/li>\n<li class=\"elementor-icon-list-item\"><i class=\"fas fa-check\" aria-hidden=\"true\"><\/i><span class=\"elementor-icon-list-text\">Abschlepp-Rabatte<\/span><\/li>\n<li class=\"elementor-icon-list-item\"><i class=\"fas fa-check\" aria-hidden=\"true\"><\/i><span class=\"elementor-icon-list-text\">Geburtstags-Belohnungen<\/span><\/li>\n<li class=\"elementor-icon-list-item\"><i class=\"fas fa-check\" aria-hidden=\"true\"><\/i><span class=\"elementor-icon-list-text\">Kostenloser Bremscheck<\/span><\/li>\n<li class=\"elementor-icon-list-item\"><i class=\"fas fa-check\" aria-hidden=\"true\"><\/i><span class=\"elementor-icon-list-text\">Kostenloser Batterie-Check<\/span><\/li>\n<li class=\"elementor-icon-list-item\"><i class=\"fas fa-check\" aria-hidden=\"true\"><\/i><span class=\"elementor-icon-list-text\">Kostenlose Reifendruckkontrollen<\/span><\/li>\n<\/ul>\n<\/div>\n<\/div>","protected":false},"excerpt":{"rendered":"<p>Handz On Auto Care Elite Club Membership is\u00a0For the ultimate experience with exclusive perks.<\/p>","protected":false},"featured_media":4505,"template":"","meta":[],"product_brand":[],"product_cat":[59],"product_tag":[53],"class_list":{"0":"post-4498","1":"product","2":"type-product","3":"status-publish","4":"has-post-thumbnail","6":"product_cat-membership-plans","7":"product_tag-elite","9":"first","10":"instock","11":"downloadable","12":"virtual","13":"sold-individually","14":"taxable","15":"purchasable","16":"product-type-subscription"},"_links":{"self":[{"href":"https:\/\/handzonusa.com\/de\/wp-json\/wp\/v2\/product\/4498","targetHints":{"allow":["GET"]}}],"collection":[{"href":"https:\/\/handzonusa.com\/de\/wp-json\/wp\/v2\/product"}],"about":[{"href":"https:\/\/handzonusa.com\/de\/wp-json\/wp\/v2\/types\/product"}],"version-history":[{"count":0,"href":"https:\/\/handzonusa.com\/de\/wp-json\/wp\/v2\/product\/4498\/revisions"}],"wp:featuredmedia":[{"embeddable":true,"href":"https:\/\/handzonusa.com\/de\/wp-json\/wp\/v2\/media\/4505"}],"wp:attachment":[{"href":"https:\/\/handzonusa.com\/de\/wp-json\/wp\/v2\/media?parent=4498"}],"wp:term":[{"taxonomy":"product_brand","embeddable":true,"href":"https:\/\/handzonusa.com\/de\/wp-json\/wp\/v2\/product_brand?post=4498"},{"taxonomy":"product_cat","embeddable":true,"href":"https:\/\/handzonusa.com\/de\/wp-json\/wp\/v2\/product_cat?post=4498"},{"taxonomy":"product_tag","embeddable":true,"href":"https:\/\/handzonusa.com\/de\/wp-json\/wp\/v2\/product_tag?post=4498"}],"curies":[{"name":"wp","href":"https:\/\/api.w.org\/{rel}","templated":true}]}}