{"id":4499,"date":"2025-04-02T01:39:11","date_gmt":"2025-04-02T05:39:11","guid":{"rendered":"https:\/\/handzonusa.com\/?post_type=product&#038;p=4499"},"modified":"2025-04-02T05:01:56","modified_gmt":"2025-04-02T09:01:56","slug":"silver-club-membership","status":"publish","type":"product","link":"https:\/\/handzonusa.com\/de\/product\/silver-club-membership\/","title":{"rendered":"Silver Club-Mitgliedschaft"},"content":{"rendered":"<p>Die Handz On Auto Care Silver Club-Mitgliedschaft ist ideal f\u00fcr gelegentliche Nutzer, die sparen m\u00f6chten.<\/p>\n<p><span class=\"elementor-icon-list-text\">Fr\u00fchzeitiger Zugang zu Promotionen<\/span><\/p>\n<p><i class=\"fas fa-check\" aria-hidden=\"true\"><\/i><span class=\"elementor-icon-list-text\">Verdienen Sie 1 Punkt f\u00fcr jeden ausgegebenen Dollar<\/span><\/p>\n<p><i class=\"fas fa-check\" aria-hidden=\"true\"><\/i><span class=\"elementor-icon-list-text\">VIP-Planung<\/span><\/p>\n<p><i class=\"fas fa-check\" aria-hidden=\"true\"><\/i><span class=\"elementor-icon-list-text\">Kostenloses Leihfahrzeug<\/span><\/p>\n<p><i class=\"fas fa-check\" aria-hidden=\"true\"><\/i><span class=\"elementor-icon-list-text\">Geburtstags-Belohnungen<\/span><\/p>\n<p><i class=\"fas fa-check\" aria-hidden=\"true\"><\/i><span class=\"elementor-icon-list-text\">Erm\u00e4\u00dfigte \u00d6lwechsel<\/span><\/p>\n<p><i class=\"fas fa-check\" aria-hidden=\"true\"><\/i><span class=\"elementor-icon-list-text\">Abschlepp-Rabatte<\/span><\/p>\n<p><i class=\"fas fa-check\" aria-hidden=\"true\"><\/i><span class=\"elementor-icon-list-text\">Kostenloser Bremscheck<\/span><\/p>\n<p><i class=\"fas fa-check\" aria-hidden=\"true\"><\/i><span class=\"elementor-icon-list-text\">Kostenloser Batterie-Check<\/span><\/p>\n<p><i class=\"fas fa-check\" aria-hidden=\"true\"><\/i><span class=\"elementor-icon-list-text\">Kostenlose Reifendruckkontrollen<\/span><\/p>","protected":false},"excerpt":{"rendered":"<p>Die Handz On Auto Care Silver Club-Mitgliedschaft ist ideal f\u00fcr gelegentliche Nutzer, die sparen m\u00f6chten.<\/p>","protected":false},"featured_media":4387,"template":"","meta":[],"product_brand":[],"product_cat":[59],"product_tag":[51],"class_list":{"0":"post-4499","1":"product","2":"type-product","3":"status-publish","4":"has-post-thumbnail","6":"product_cat-membership-plans","7":"product_tag-silver","9":"first","10":"instock","11":"downloadable","12":"virtual","13":"sold-individually","14":"taxable","15":"purchasable","16":"product-type-subscription"},"_links":{"self":[{"href":"https:\/\/handzonusa.com\/de\/wp-json\/wp\/v2\/product\/4499","targetHints":{"allow":["GET"]}}],"collection":[{"href":"https:\/\/handzonusa.com\/de\/wp-json\/wp\/v2\/product"}],"about":[{"href":"https:\/\/handzonusa.com\/de\/wp-json\/wp\/v2\/types\/product"}],"version-history":[{"count":0,"href":"https:\/\/handzonusa.com\/de\/wp-json\/wp\/v2\/product\/4499\/revisions"}],"wp:featuredmedia":[{"embeddable":true,"href":"https:\/\/handzonusa.com\/de\/wp-json\/wp\/v2\/media\/4387"}],"wp:attachment":[{"href":"https:\/\/handzonusa.com\/de\/wp-json\/wp\/v2\/media?parent=4499"}],"wp:term":[{"taxonomy":"product_brand","embeddable":true,"href":"https:\/\/handzonusa.com\/de\/wp-json\/wp\/v2\/product_brand?post=4499"},{"taxonomy":"product_cat","embeddable":true,"href":"https:\/\/handzonusa.com\/de\/wp-json\/wp\/v2\/product_cat?post=4499"},{"taxonomy":"product_tag","embeddable":true,"href":"https:\/\/handzonusa.com\/de\/wp-json\/wp\/v2\/product_tag?post=4499"}],"curies":[{"name":"wp","href":"https:\/\/api.w.org\/{rel}","templated":true}]}}