{"id":4499,"date":"2025-04-02T01:39:11","date_gmt":"2025-04-02T05:39:11","guid":{"rendered":"https:\/\/handzonusa.com\/?post_type=product&#038;p=4499"},"modified":"2025-04-02T05:01:56","modified_gmt":"2025-04-02T09:01:56","slug":"silver-club-membership","status":"publish","type":"product","link":"https:\/\/handzonusa.com\/fr\/product\/silver-club-membership\/","title":{"rendered":"Adh\u00e9sion au club d'argent"},"content":{"rendered":"<p>Handz On Auto Care Silver Club Membership est id\u00e9al pour les utilisateurs occasionnels \u00e0 la recherche d'\u00e9conomies.<\/p>\n<p><span class=\"elementor-icon-list-text\">Acc\u00e8s anticip\u00e9 aux promotions<\/span><\/p>\n<p><i class=\"fas fa-check\" aria-hidden=\"true\"><\/i><span class=\"elementor-icon-list-text\">Gagnez 1 point pour chaque dollar d\u00e9pens\u00e9<\/span><\/p>\n<p><i class=\"fas fa-check\" aria-hidden=\"true\"><\/i><span class=\"elementor-icon-list-text\">Programmation VIP<\/span><\/p>\n<p><i class=\"fas fa-check\" aria-hidden=\"true\"><\/i><span class=\"elementor-icon-list-text\">V\u00e9hicule de pr\u00eat gratuit<\/span><\/p>\n<p><i class=\"fas fa-check\" aria-hidden=\"true\"><\/i><span class=\"elementor-icon-list-text\">R\u00e9compenses d'anniversaire<\/span><\/p>\n<p><i class=\"fas fa-check\" aria-hidden=\"true\"><\/i><span class=\"elementor-icon-list-text\">Changements d'huile \u00e0 prix r\u00e9duit<\/span><\/p>\n<p><i class=\"fas fa-check\" aria-hidden=\"true\"><\/i><span class=\"elementor-icon-list-text\">Remboursements pour le remorquage<\/span><\/p>\n<p><i class=\"fas fa-check\" aria-hidden=\"true\"><\/i><span class=\"elementor-icon-list-text\">Contr\u00f4le gratuit des freins<\/span><\/p>\n<p><i class=\"fas fa-check\" aria-hidden=\"true\"><\/i><span class=\"elementor-icon-list-text\">V\u00e9rification gratuite de la batterie<\/span><\/p>\n<p><i class=\"fas fa-check\" aria-hidden=\"true\"><\/i><span class=\"elementor-icon-list-text\">Contr\u00f4le gratuit de la pression des pneus<\/span><\/p>","protected":false},"excerpt":{"rendered":"<p>Handz On Auto Care Silver Club Membership est id\u00e9al pour les utilisateurs occasionnels \u00e0 la recherche d'\u00e9conomies.<\/p>","protected":false},"featured_media":4387,"template":"","meta":[],"product_brand":[],"product_cat":[59],"product_tag":[51],"class_list":{"0":"post-4499","1":"product","2":"type-product","3":"status-publish","4":"has-post-thumbnail","6":"product_cat-membership-plans","7":"product_tag-silver","9":"first","10":"instock","11":"downloadable","12":"virtual","13":"sold-individually","14":"taxable","15":"purchasable","16":"product-type-subscription"},"_links":{"self":[{"href":"https:\/\/handzonusa.com\/fr\/wp-json\/wp\/v2\/product\/4499","targetHints":{"allow":["GET"]}}],"collection":[{"href":"https:\/\/handzonusa.com\/fr\/wp-json\/wp\/v2\/product"}],"about":[{"href":"https:\/\/handzonusa.com\/fr\/wp-json\/wp\/v2\/types\/product"}],"version-history":[{"count":0,"href":"https:\/\/handzonusa.com\/fr\/wp-json\/wp\/v2\/product\/4499\/revisions"}],"wp:featuredmedia":[{"embeddable":true,"href":"https:\/\/handzonusa.com\/fr\/wp-json\/wp\/v2\/media\/4387"}],"wp:attachment":[{"href":"https:\/\/handzonusa.com\/fr\/wp-json\/wp\/v2\/media?parent=4499"}],"wp:term":[{"taxonomy":"product_brand","embeddable":true,"href":"https:\/\/handzonusa.com\/fr\/wp-json\/wp\/v2\/product_brand?post=4499"},{"taxonomy":"product_cat","embeddable":true,"href":"https:\/\/handzonusa.com\/fr\/wp-json\/wp\/v2\/product_cat?post=4499"},{"taxonomy":"product_tag","embeddable":true,"href":"https:\/\/handzonusa.com\/fr\/wp-json\/wp\/v2\/product_tag?post=4499"}],"curies":[{"name":"wp","href":"https:\/\/api.w.org\/{rel}","templated":true}]}}