{"id":4499,"date":"2025-04-02T01:39:11","date_gmt":"2025-04-02T05:39:11","guid":{"rendered":"https:\/\/handzonusa.com\/?post_type=product&#038;p=4499"},"modified":"2025-04-02T05:01:56","modified_gmt":"2025-04-02T09:01:56","slug":"silver-club-membership","status":"publish","type":"product","link":"https:\/\/handzonusa.com\/tr\/product\/silver-club-membership\/","title":{"rendered":"G\u00fcm\u00fc\u015f Kul\u00fcp \u00dcyeli\u011fi"},"content":{"rendered":"<p>Handz On Auto Care Silver Club \u00dcyeli\u011fi, ara s\u0131ra tasarruf etmek isteyen kullan\u0131c\u0131lar i\u00e7in idealdir.<\/p>\n<p><span class=\"elementor-icon-list-text\">Promosyonlara Erken Eri\u015fim<\/span><\/p>\n<p><i class=\"fas fa-check\" aria-hidden=\"true\"><\/i><span class=\"elementor-icon-list-text\">Harcad\u0131\u011f\u0131n\u0131z her dolar i\u00e7in 1 puan kazan\u0131n<\/span><\/p>\n<p><i class=\"fas fa-check\" aria-hidden=\"true\"><\/i><span class=\"elementor-icon-list-text\">VIP Programlama<\/span><\/p>\n<p><i class=\"fas fa-check\" aria-hidden=\"true\"><\/i><span class=\"elementor-icon-list-text\">\u00dccretsiz \u00d6d\u00fcn\u00e7 Ara\u00e7<\/span><\/p>\n<p><i class=\"fas fa-check\" aria-hidden=\"true\"><\/i><span class=\"elementor-icon-list-text\">Do\u011fum G\u00fcn\u00fc \u00d6d\u00fclleri<\/span><\/p>\n<p><i class=\"fas fa-check\" aria-hidden=\"true\"><\/i><span class=\"elementor-icon-list-text\">\u0130ndirimli Ya\u011f De\u011fi\u015fimleri<\/span><\/p>\n<p><i class=\"fas fa-check\" aria-hidden=\"true\"><\/i><span class=\"elementor-icon-list-text\">\u00c7ekme \u0130ndirimleri<\/span><\/p>\n<p><i class=\"fas fa-check\" aria-hidden=\"true\"><\/i><span class=\"elementor-icon-list-text\">\u00dccretsiz Fren Kontrol\u00fc<\/span><\/p>\n<p><i class=\"fas fa-check\" aria-hidden=\"true\"><\/i><span class=\"elementor-icon-list-text\">\u00dccretsiz Ak\u00fc Kontrol\u00fc<\/span><\/p>\n<p><i class=\"fas fa-check\" aria-hidden=\"true\"><\/i><span class=\"elementor-icon-list-text\">\u00dccretsiz Lastik Bas\u0131nc\u0131 Kontrolleri<\/span><\/p>","protected":false},"excerpt":{"rendered":"<p>Handz On Auto Care Silver Club \u00dcyeli\u011fi, ara s\u0131ra tasarruf etmek isteyen kullan\u0131c\u0131lar i\u00e7in idealdir.<\/p>","protected":false},"featured_media":4387,"template":"","meta":[],"product_brand":[],"product_cat":[59],"product_tag":[51],"class_list":{"0":"post-4499","1":"product","2":"type-product","3":"status-publish","4":"has-post-thumbnail","6":"product_cat-membership-plans","7":"product_tag-silver","9":"first","10":"instock","11":"downloadable","12":"virtual","13":"sold-individually","14":"taxable","15":"purchasable","16":"product-type-subscription"},"_links":{"self":[{"href":"https:\/\/handzonusa.com\/tr\/wp-json\/wp\/v2\/product\/4499","targetHints":{"allow":["GET"]}}],"collection":[{"href":"https:\/\/handzonusa.com\/tr\/wp-json\/wp\/v2\/product"}],"about":[{"href":"https:\/\/handzonusa.com\/tr\/wp-json\/wp\/v2\/types\/product"}],"version-history":[{"count":0,"href":"https:\/\/handzonusa.com\/tr\/wp-json\/wp\/v2\/product\/4499\/revisions"}],"wp:featuredmedia":[{"embeddable":true,"href":"https:\/\/handzonusa.com\/tr\/wp-json\/wp\/v2\/media\/4387"}],"wp:attachment":[{"href":"https:\/\/handzonusa.com\/tr\/wp-json\/wp\/v2\/media?parent=4499"}],"wp:term":[{"taxonomy":"product_brand","embeddable":true,"href":"https:\/\/handzonusa.com\/tr\/wp-json\/wp\/v2\/product_brand?post=4499"},{"taxonomy":"product_cat","embeddable":true,"href":"https:\/\/handzonusa.com\/tr\/wp-json\/wp\/v2\/product_cat?post=4499"},{"taxonomy":"product_tag","embeddable":true,"href":"https:\/\/handzonusa.com\/tr\/wp-json\/wp\/v2\/product_tag?post=4499"}],"curies":[{"name":"wp","href":"https:\/\/api.w.org\/{rel}","templated":true}]}}