{"id":4498,"date":"2025-03-26T05:46:56","date_gmt":"2025-03-26T09:46:56","guid":{"rendered":"https:\/\/handzonusa.com\/?post_type=product&#038;p=4498"},"modified":"2025-04-02T05:02:47","modified_gmt":"2025-04-02T09:02:47","slug":"elite-club-membership","status":"publish","type":"product","link":"https:\/\/handzonusa.com\/vi\/product\/elite-club-membership\/","title":{"rendered":"Th\u00e0nh vi\u00ean C\u00e2u l\u1ea1c b\u1ed9 Cao c\u1ea5p"},"content":{"rendered":"<div class=\"elementor-element elementor-element-w6du0rdy elementor-widget__width-initial elementor-widget-mobile__width-inherit elementor-widget-tablet__width-initial elementor-widget elementor-widget-text-editor animated fadeInUp\" data-id=\"w6du0rdy\" data-element_type=\"widget\" data-settings=\"{&quot;_animation&quot;:&quot;fadeInUp&quot;}\" data-widget_type=\"text-editor.default\">\n<div class=\"elementor-widget-container\">\n<p>Th\u00e0nh vi\u00ean C\u00e2u l\u1ea1c b\u1ed9 Handz On Auto Care Elite l\u00e0 d\u00e0nh cho tr\u1ea3i nghi\u1ec7m \u0111\u1ec9nh cao v\u1edbi nh\u1eefng \u01b0u \u0111\u00e3i \u0111\u1ed9c quy\u1ec1n.<\/p>\n<\/div>\n<\/div>\n<div class=\"elementor-element elementor-element-7u3jgiqb elementor-widget__width-initial elementor-widget-mobile__width-inherit elementor-widget-tablet__width-initial elementor-align-left elementor-icon-list--layout-traditional elementor-list-item-link-full_width elementor-widget elementor-widget-icon-list\" data-id=\"7u3jgiqb\" data-element_type=\"widget\" data-widget_type=\"icon-list.default\">\n<div class=\"elementor-widget-container\">\n<ul class=\"elementor-icon-list-items\">\n<li class=\"elementor-icon-list-item\"><i class=\"fas fa-check\" aria-hidden=\"true\"><\/i><span class=\"elementor-icon-list-text\">Ch\u01b0\u01a1ng tr\u00ecnh khuy\u1ebfn m\u00e3i \u0111\u1ed9c quy\u1ec1n d\u00e0nh ri\u00eang cho th\u00e0nh vi\u00ean C\u00e2u l\u1ea1c b\u1ed9 Elite<\/span><\/li>\n<li class=\"elementor-icon-list-item\"><i class=\"fas fa-check\" aria-hidden=\"true\"><\/i><span class=\"elementor-icon-list-text\">Ki\u1ebfm 3 \u0111i\u1ec3m cho m\u1ed7i \u0111\u00f4 la chi ti\u00eau.<\/span><\/li>\n<li class=\"elementor-icon-list-item\"><i class=\"fas fa-check\" aria-hidden=\"true\"><\/i><span class=\"elementor-icon-list-text\">L\u1ecbch tr\u00ecnh VIP<\/span><\/li>\n<li class=\"elementor-icon-list-item\"><i class=\"fas fa-check\" aria-hidden=\"true\"><\/i><span class=\"elementor-icon-list-text\">2 D\u1ecbch v\u1ee5 k\u00e9o xe mi\u1ec5n ph\u00ed trong ph\u1ea1m vi 20 d\u1eb7m (h\u00e0ng n\u0103m)<\/span><\/li>\n<li class=\"elementor-icon-list-item\"><i class=\"fas fa-check\" aria-hidden=\"true\"><\/i><span class=\"elementor-icon-list-text\">1 l\u1ea7n thay d\u1ea7u mi\u1ec5n ph\u00ed m\u1ed7i 6 th\u00e1ng<\/span><\/li>\n<li class=\"elementor-icon-list-item\"><i class=\"fas fa-check\" aria-hidden=\"true\"><\/i><span class=\"elementor-icon-list-text\">D\u1ecbch v\u1ee5 t\u1ea1i nh\u00e0 c\u00f3 s\u1eb5n (D\u1ecbch v\u1ee5 gi\u1edbi h\u1ea1n)<\/span><\/li>\n<li class=\"elementor-icon-list-item\"><i class=\"fas fa-check\" aria-hidden=\"true\"><\/i><span class=\"elementor-icon-list-text\">Xe cho m\u01b0\u1ee3n mi\u1ec5n ph\u00ed h\u1ea1ng sang<\/span><\/li>\n<li class=\"elementor-icon-list-item\"><i class=\"fas fa-check\" aria-hidden=\"true\"><\/i><span class=\"elementor-icon-list-text\">1 D\u1ecbch v\u1ee5 l\u00e0m s\u1ea1ch v\u00e0 \u0111\u00e1nh b\u00f3ng to\u00e0n b\u1ed9 xe mi\u1ec5n ph\u00ed (h\u00e0ng n\u0103m)<\/span><\/li>\n<li class=\"elementor-icon-list-item\"><i class=\"fas fa-check\" aria-hidden=\"true\"><\/i><span class=\"elementor-icon-list-text\">T\u00e0i tr\u1ee3 s\u1eeda ch\u1eefa (Quy\u1ec1n truy c\u1eadp \u0111\u1ed9c quy\u1ec1n)<\/span><\/li>\n<li class=\"elementor-icon-list-item\"><i class=\"fas fa-check\" aria-hidden=\"true\"><\/i><span class=\"elementor-icon-list-text\">S\u1eeda ch\u1eefa \u01b0u ti\u00ean cho xe Mobil<\/span><\/li>\n<li class=\"elementor-icon-list-item\"><i class=\"fas fa-check\" aria-hidden=\"true\"><\/i><span class=\"elementor-icon-list-text\">D\u1ecbch v\u1ee5 h\u1ed7 tr\u1ee3 kh\u1ea9n c\u1ea5p tr\u00ean \u0111\u01b0\u1eddng \u01b0u ti\u00ean<\/span><\/li>\n<li class=\"elementor-icon-list-item\"><i class=\"fas fa-check\" aria-hidden=\"true\"><\/i><span class=\"elementor-icon-list-text\">D\u1ecbch v\u1ee5 k\u00e9o xe \u01b0u ti\u00ean<\/span><\/li>\n<li class=\"elementor-icon-list-item\"><i class=\"fas fa-check\" aria-hidden=\"true\"><\/i><span class=\"elementor-icon-list-text\">L\u1eafp \u0111\u1eb7t pin t\u1ea1i nh\u00e0<\/span><\/li>\n<li class=\"elementor-icon-list-item\"><i class=\"fas fa-check\" aria-hidden=\"true\"><\/i><span class=\"elementor-icon-list-text\">Gi\u1ea3m gi\u00e1 \u0111\u1eb7c bi\u1ec7t cho c\u00e1c d\u1ecbch v\u1ee5<\/span><\/li>\n<li class=\"elementor-icon-list-item\"><i class=\"fas fa-check\" aria-hidden=\"true\"><\/i><span class=\"elementor-icon-list-text\">Quy\u1ec1n truy c\u1eadp \u01b0u ti\u00ean v\u00e0o c\u00e1c ch\u01b0\u01a1ng tr\u00ecnh khuy\u1ebfn m\u00e3i<\/span><\/li>\n<li class=\"elementor-icon-list-item\"><i class=\"fas fa-check\" aria-hidden=\"true\"><\/i><span class=\"elementor-icon-list-text\">D\u1ecbch v\u1ee5 thay d\u1ea7u v\u1edbi gi\u00e1 \u01b0u \u0111\u00e3i<\/span><\/li>\n<li class=\"elementor-icon-list-item\"><i class=\"fas fa-check\" aria-hidden=\"true\"><\/i><span class=\"elementor-icon-list-text\">Gi\u1ea3m gi\u00e1 d\u1ecbch v\u1ee5 k\u00e9o xe<\/span><\/li>\n<li class=\"elementor-icon-list-item\"><i class=\"fas fa-check\" aria-hidden=\"true\"><\/i><span class=\"elementor-icon-list-text\">Ph\u1ea7n th\u01b0\u1edfng sinh nh\u1eadt<\/span><\/li>\n<li class=\"elementor-icon-list-item\"><i class=\"fas fa-check\" aria-hidden=\"true\"><\/i><span class=\"elementor-icon-list-text\">Ki\u1ec3m tra phanh mi\u1ec5n ph\u00ed<\/span><\/li>\n<li class=\"elementor-icon-list-item\"><i class=\"fas fa-check\" aria-hidden=\"true\"><\/i><span class=\"elementor-icon-list-text\">Ki\u1ec3m tra pin mi\u1ec5n ph\u00ed<\/span><\/li>\n<li class=\"elementor-icon-list-item\"><i class=\"fas fa-check\" aria-hidden=\"true\"><\/i><span class=\"elementor-icon-list-text\">Ki\u1ec3m tra \u00e1p su\u1ea5t l\u1ed1p mi\u1ec5n ph\u00ed<\/span><\/li>\n<\/ul>\n<\/div>\n<\/div>","protected":false},"excerpt":{"rendered":"<p>Th\u00e0nh vi\u00ean C\u00e2u l\u1ea1c b\u1ed9 Handz On Auto Care Elite l\u00e0 d\u00e0nh cho tr\u1ea3i nghi\u1ec7m \u0111\u1ec9nh cao v\u1edbi nh\u1eefng \u01b0u \u0111\u00e3i \u0111\u1ed9c quy\u1ec1n.<\/p>","protected":false},"featured_media":4505,"template":"","meta":[],"product_brand":[],"product_cat":[59],"product_tag":[53],"class_list":{"0":"post-4498","1":"product","2":"type-product","3":"status-publish","4":"has-post-thumbnail","6":"product_cat-membership-plans","7":"product_tag-elite","9":"first","10":"instock","11":"downloadable","12":"virtual","13":"sold-individually","14":"taxable","15":"purchasable","16":"product-type-subscription"},"_links":{"self":[{"href":"https:\/\/handzonusa.com\/vi\/wp-json\/wp\/v2\/product\/4498","targetHints":{"allow":["GET"]}}],"collection":[{"href":"https:\/\/handzonusa.com\/vi\/wp-json\/wp\/v2\/product"}],"about":[{"href":"https:\/\/handzonusa.com\/vi\/wp-json\/wp\/v2\/types\/product"}],"version-history":[{"count":0,"href":"https:\/\/handzonusa.com\/vi\/wp-json\/wp\/v2\/product\/4498\/revisions"}],"wp:featuredmedia":[{"embeddable":true,"href":"https:\/\/handzonusa.com\/vi\/wp-json\/wp\/v2\/media\/4505"}],"wp:attachment":[{"href":"https:\/\/handzonusa.com\/vi\/wp-json\/wp\/v2\/media?parent=4498"}],"wp:term":[{"taxonomy":"product_brand","embeddable":true,"href":"https:\/\/handzonusa.com\/vi\/wp-json\/wp\/v2\/product_brand?post=4498"},{"taxonomy":"product_cat","embeddable":true,"href":"https:\/\/handzonusa.com\/vi\/wp-json\/wp\/v2\/product_cat?post=4498"},{"taxonomy":"product_tag","embeddable":true,"href":"https:\/\/handzonusa.com\/vi\/wp-json\/wp\/v2\/product_tag?post=4498"}],"curies":[{"name":"wp","href":"https:\/\/api.w.org\/{rel}","templated":true}]}}