{"id":4499,"date":"2025-04-02T01:39:11","date_gmt":"2025-04-02T05:39:11","guid":{"rendered":"https:\/\/handzonusa.com\/?post_type=product&#038;p=4499"},"modified":"2025-04-02T05:01:56","modified_gmt":"2025-04-02T09:01:56","slug":"silver-club-membership","status":"publish","type":"product","link":"https:\/\/handzonusa.com\/vi\/product\/silver-club-membership\/","title":{"rendered":"Th\u00e0nh vi\u00ean C\u00e2u l\u1ea1c b\u1ed9 B\u1ea1c"},"content":{"rendered":"<p>Th\u00e0nh vi\u00ean C\u00e2u l\u1ea1c b\u1ed9 B\u1ea1c Handz On Auto Care l\u00e0 l\u1ef1a ch\u1ecdn l\u00fd t\u01b0\u1edfng cho nh\u1eefng ng\u01b0\u1eddi s\u1eed d\u1ee5ng th\u1ec9nh tho\u1ea3ng mu\u1ed1n ti\u1ebft ki\u1ec7m chi ph\u00ed.<\/p>\n<p><span class=\"elementor-icon-list-text\">Tr\u1ea3i nghi\u1ec7m s\u1edbm c\u00e1c ch\u01b0\u01a1ng tr\u00ecnh khuy\u1ebfn m\u00e3i<\/span><\/p>\n<p><i class=\"fas fa-check\" aria-hidden=\"true\"><\/i><span class=\"elementor-icon-list-text\">Ki\u1ebfm 1 \u0111i\u1ec3m cho m\u1ed7i \u0111\u00f4 la chi ti\u00eau.<\/span><\/p>\n<p><i class=\"fas fa-check\" aria-hidden=\"true\"><\/i><span class=\"elementor-icon-list-text\">L\u1ecbch tr\u00ecnh VIP<\/span><\/p>\n<p><i class=\"fas fa-check\" aria-hidden=\"true\"><\/i><span class=\"elementor-icon-list-text\">Xe cho m\u01b0\u1ee3n mi\u1ec5n ph\u00ed<\/span><\/p>\n<p><i class=\"fas fa-check\" aria-hidden=\"true\"><\/i><span class=\"elementor-icon-list-text\">Ph\u1ea7n th\u01b0\u1edfng sinh nh\u1eadt<\/span><\/p>\n<p><i class=\"fas fa-check\" aria-hidden=\"true\"><\/i><span class=\"elementor-icon-list-text\">D\u1ecbch v\u1ee5 thay d\u1ea7u v\u1edbi gi\u00e1 \u01b0u \u0111\u00e3i<\/span><\/p>\n<p><i class=\"fas fa-check\" aria-hidden=\"true\"><\/i><span class=\"elementor-icon-list-text\">Gi\u1ea3m gi\u00e1 d\u1ecbch v\u1ee5 k\u00e9o xe<\/span><\/p>\n<p><i class=\"fas fa-check\" aria-hidden=\"true\"><\/i><span class=\"elementor-icon-list-text\">Ki\u1ec3m tra phanh mi\u1ec5n ph\u00ed<\/span><\/p>\n<p><i class=\"fas fa-check\" aria-hidden=\"true\"><\/i><span class=\"elementor-icon-list-text\">Ki\u1ec3m tra pin mi\u1ec5n ph\u00ed<\/span><\/p>\n<p><i class=\"fas fa-check\" aria-hidden=\"true\"><\/i><span class=\"elementor-icon-list-text\">Ki\u1ec3m tra \u00e1p su\u1ea5t l\u1ed1p mi\u1ec5n ph\u00ed<\/span><\/p>","protected":false},"excerpt":{"rendered":"<p>Th\u00e0nh vi\u00ean C\u00e2u l\u1ea1c b\u1ed9 B\u1ea1c Handz On Auto Care l\u00e0 l\u1ef1a ch\u1ecdn l\u00fd t\u01b0\u1edfng cho nh\u1eefng ng\u01b0\u1eddi s\u1eed d\u1ee5ng th\u1ec9nh tho\u1ea3ng mu\u1ed1n ti\u1ebft ki\u1ec7m chi ph\u00ed.<\/p>","protected":false},"featured_media":4387,"template":"","meta":[],"product_brand":[],"product_cat":[59],"product_tag":[51],"class_list":{"0":"post-4499","1":"product","2":"type-product","3":"status-publish","4":"has-post-thumbnail","6":"product_cat-membership-plans","7":"product_tag-silver","9":"first","10":"instock","11":"downloadable","12":"virtual","13":"sold-individually","14":"taxable","15":"purchasable","16":"product-type-subscription"},"_links":{"self":[{"href":"https:\/\/handzonusa.com\/vi\/wp-json\/wp\/v2\/product\/4499","targetHints":{"allow":["GET"]}}],"collection":[{"href":"https:\/\/handzonusa.com\/vi\/wp-json\/wp\/v2\/product"}],"about":[{"href":"https:\/\/handzonusa.com\/vi\/wp-json\/wp\/v2\/types\/product"}],"version-history":[{"count":0,"href":"https:\/\/handzonusa.com\/vi\/wp-json\/wp\/v2\/product\/4499\/revisions"}],"wp:featuredmedia":[{"embeddable":true,"href":"https:\/\/handzonusa.com\/vi\/wp-json\/wp\/v2\/media\/4387"}],"wp:attachment":[{"href":"https:\/\/handzonusa.com\/vi\/wp-json\/wp\/v2\/media?parent=4499"}],"wp:term":[{"taxonomy":"product_brand","embeddable":true,"href":"https:\/\/handzonusa.com\/vi\/wp-json\/wp\/v2\/product_brand?post=4499"},{"taxonomy":"product_cat","embeddable":true,"href":"https:\/\/handzonusa.com\/vi\/wp-json\/wp\/v2\/product_cat?post=4499"},{"taxonomy":"product_tag","embeddable":true,"href":"https:\/\/handzonusa.com\/vi\/wp-json\/wp\/v2\/product_tag?post=4499"}],"curies":[{"name":"wp","href":"https:\/\/api.w.org\/{rel}","templated":true}]}}